{"id":6751,"date":"2025-09-15T08:04:50","date_gmt":"2025-09-15T08:04:50","guid":{"rendered":"https:\/\/bkscitech.com\/?post_type=product&#038;p=6751"},"modified":"2025-09-24T03:50:17","modified_gmt":"2025-09-24T03:50:17","slug":"he-thong-trich-xuat-khoi-phuc-va-phan-tich-du-lieu-o-cung-may-tinh","status":"publish","type":"product","link":"https:\/\/bkscitech.com\/vi\/product\/he-thong-trich-xuat-khoi-phuc-va-phan-tich-du-lieu-o-cung-may-tinh\/","title":{"rendered":"H\u1ec7 th\u1ed1ng tr\u00edch xu\u1ea5t, kh\u00f4i ph\u1ee5c v\u00e0 ph\u00e2n t\u00edch d\u1eef li\u1ec7u \u1ed5 c\u1ee9ng m\u00e1y t\u00ednh"},"content":{"rendered":"","protected":false},"excerpt":{"rendered":"<p>Trong th\u1ebf gi\u1edbi th\u1ef1c thi ph\u00e1p lu\u1eadt \u0111\u1ea7y bi\u1ebfn \u0111\u1ed9ng v\u00e0 r\u1ee7i ro cao, m\u1ecdi b\u1eb1ng ch\u1ee9ng k\u1ef9 thu\u1eadt s\u1ed1 \u0111\u1ec1u quan tr\u1ecdng. ProDiscover \u0111\u01b0\u1ee3c thi\u1ebft k\u1ebf \u0111\u1eb7c bi\u1ec7t \u0111\u1ec3 \u0111\u00e1p \u1ee9ng nh\u1eefng th\u00e1ch th\u1ee9c \u0111\u1eb7c th\u00f9 m\u00e0 c\u00e1c chuy\u00ean gia th\u1ef1c thi ph\u00e1p lu\u1eadt ph\u1ea3i \u0111\u1ed1i m\u1eb7t, cung c\u1ea5p c\u00e1c c\u00f4ng c\u1ee5 m\u1ea1nh m\u1ebd \u0111\u1ec3 kh\u00e1m ph\u00e1, ph\u00e2n t\u00edch v\u00e0 l\u01b0u gi\u1eef b\u1eb1ng ch\u1ee9ng k\u1ef9 thu\u1eadt s\u1ed1 quan tr\u1ecdng v\u1edbi \u0111\u1ed9 ch\u00ednh x\u00e1c v\u00e0 hi\u1ec7u qu\u1ea3 v\u01b0\u1ee3t tr\u1ed9i.<br \/>\nC\u00e1c t\u00ednh n\u0103ng n\u1ed5i b\u1eadt c\u1ee7a ProDiscover Pro :<\/p>\n<ul>\n<li>Ph\u1ee5c h\u1ed3i d\u1eef li\u1ec7u \u1ea9n: \u0110\u1ecbnh v\u1ecb c\u00e1c t\u1ec7p, ph\u00e2n v\u00f9ng \u1ea9n v\u00e0 kh\u00f4i ph\u1ee5c d\u1eef li\u1ec7u \u0111\u00e3 x\u00f3a m\u1ed9t c\u00e1ch d\u1ec5 d\u00e0ng.<\/li>\n<li>H\u1ed7 tr\u1ee3 \u0111a ng\u00f4n ng\u1eef: L\u00e0m vi\u1ec7c v\u1edbi ProDiscoer Pro v\u1edbi h\u01a1n 10 ng\u00f4n ng\u1eef \u0111\u1ec3 t\u01b0\u01a1ng th\u00edch to\u00e0n c\u1ea7u.<\/li>\n<li>T\u00edch h\u1ee3p AI\/ML: Ph\u00e2n t\u00edch t\u1ec7p ph\u01b0\u01a1ng ti\u1ec7n nhanh ch\u00f3ng v\u1edbi AI\/ML t\u00edch h\u1ee3p cho h\u00ecnh thu nh\u1ecf v\u00e0 b\u1ea3n xem tr\u01b0\u1edbc video.<\/li>\n<li>T\u00edch h\u1ee3p YARA v\u00e0 Virus Total: Ph\u00e1t hi\u1ec7n ph\u1ea7n m\u1ec1m \u0111\u1ed9c h\u1ea1i hi\u1ec7u qu\u1ea3 trong qu\u00e1 tr\u00ecnh ph\u00e2n t\u00edch.<\/li>\n<li>C\u00f4ng c\u1ee5 T\u00ecm ki\u1ebfm Th\u00f4ng minh: T\u00f9y ch\u1ec9nh th\u01b0 m\u1ee5c t\u00ecm ki\u1ebfm cho c\u00e1c lo\u1ea1i v\u1ee5 \u00e1n kh\u00e1c nhau, gi\u00fap t\u0103ng t\u1ed1c qu\u00e1 tr\u00ecnh kh\u00e1m ph\u00e1 b\u1eb1ng ch\u1ee9ng.<\/li>\n<li>B\u00e1o c\u00e1o Chi ti\u1ebft: T\u1ea1o b\u00e1o c\u00e1o to\u00e0n di\u1ec7n, s\u1eb5n s\u00e0ng cho t\u00f2a \u00e1n v\u1edbi b\u1ea3ng \u0111i\u1ec1u khi\u1ec3n tr\u1ef1c quan v\u00e0 ph\u00e2n t\u00edch nh\u1eadt k\u00fd.<\/li>\n<\/ul>\n","protected":false},"featured_media":6465,"template":"","meta":{"_acf_changed":false},"product_cat":[97,87,95],"product_tag":[],"class_list":{"0":"post-6751","1":"product","2":"type-product","3":"status-publish","4":"has-post-thumbnail","6":"product_cat-he-thong-an-ninh","7":"product_cat-khoa-hoc-hinh-su","8":"product_cat-thiet-bi-ky-thuat-so-dien-tu","10":"first","11":"instock","12":"shipping-taxable","13":"product-type-simple"},"acf":[],"jetpack_sharing_enabled":true,"_links":{"self":[{"href":"https:\/\/bkscitech.com\/vi\/wp-json\/wp\/v2\/product\/6751"}],"collection":[{"href":"https:\/\/bkscitech.com\/vi\/wp-json\/wp\/v2\/product"}],"about":[{"href":"https:\/\/bkscitech.com\/vi\/wp-json\/wp\/v2\/types\/product"}],"wp:featuredmedia":[{"embeddable":true,"href":"https:\/\/bkscitech.com\/vi\/wp-json\/wp\/v2\/media\/6465"}],"wp:attachment":[{"href":"https:\/\/bkscitech.com\/vi\/wp-json\/wp\/v2\/media?parent=6751"}],"wp:term":[{"taxonomy":"product_cat","embeddable":true,"href":"https:\/\/bkscitech.com\/vi\/wp-json\/wp\/v2\/product_cat?post=6751"},{"taxonomy":"product_tag","embeddable":true,"href":"https:\/\/bkscitech.com\/vi\/wp-json\/wp\/v2\/product_tag?post=6751"}],"curies":[{"name":"wp","href":"https:\/\/api.w.org\/{rel}","templated":true}]}}