{"id":6809,"date":"2025-09-16T07:12:55","date_gmt":"2025-09-16T07:12:55","guid":{"rendered":"https:\/\/bkscitech.com\/?post_type=product&#038;p=6809"},"modified":"2025-09-24T03:47:46","modified_gmt":"2025-09-24T03:47:46","slug":"he-thong-trich-xuat-khoi-phuc-va-phan-tich-du-lieu-dien-thoai-di-dong","status":"publish","type":"product","link":"https:\/\/bkscitech.com\/vi\/product\/he-thong-trich-xuat-khoi-phuc-va-phan-tich-du-lieu-dien-thoai-di-dong\/","title":{"rendered":"H\u1ec7 th\u1ed1ng tr\u00edch xu\u1ea5t, kh\u00f4i ph\u1ee5c v\u00e0 ph\u00e2n t\u00edch d\u1eef li\u1ec7u \u0111i\u1ec7n tho\u1ea1i di \u0111\u1ed9ng"},"content":{"rendered":"","protected":false},"excerpt":{"rendered":"<p><strong>Ph\u00e2n t\u00edch v\u00e0 Tr\u00edch xu\u1ea5t D\u1eef li\u1ec7u t\u1eeb \u0110i\u1ec7n tho\u1ea1i Di \u0111\u1ed9ng, D\u1ecbch v\u1ee5 \u0110\u00e1m m\u00e2y, \u0110\u1ea7u ghi H\u00ecnh (DVR) v\u00e0 c\u00e1c Gi\u1ea3i ph\u00e1p Thi\u1ebft b\u1ecb L\u01b0u tr\u1eef Kh\u00e1c<\/strong><\/p>\n<p>M\u1ed9t n\u1ec1n t\u1ea3ng ph\u00e1p y k\u1ef9 thu\u1eadt s\u1ed1 to\u00e0n di\u1ec7n v\u1edbi kh\u1ea3 n\u0103ng tr\u00edch xu\u1ea5t, ph\u1ee5c h\u1ed3i v\u00e0 ph\u00e2n t\u00edch d\u1eef li\u1ec7u t\u1eeb m\u00e1y t\u00ednh, \u0111i\u1ec7n tho\u1ea1i di \u0111\u1ed9ng, d\u1ecbch v\u1ee5 \u0111\u00e1m m\u00e2y v\u00e0 m\u00e1y ghi h\u00ecnh k\u1ef9 thu\u1eadt s\u1ed1 \u0111\u01b0\u1ee3c k\u1ebft n\u1ed1i v\u1edbi camera. N\u1ec1n t\u1ea3ng n\u00e0y cung c\u1ea5p kh\u1ea3 n\u0103ng ph\u00e2n t\u00edch chuy\u00ean s\u00e2u t\u1ea5t c\u1ea3 d\u1eef li\u1ec7u trong h\u1ed3 s\u01a1 v\u1ee5 \u00e1n \u0111\u1ec3 \u0111\u1ea3m b\u1ea3o kh\u00f4ng b\u1ecf s\u00f3t manh m\u1ed1i n\u00e0o. N\u1ec1n t\u1ea3ng n\u00e0y c\u0169ng c\u00f3 kh\u1ea3 n\u0103ng v\u01b0\u1ee3t qua kh\u00f3a tr\u00ean m\u1ed9t s\u1ed1 m\u1eabu \u0111i\u1ec7n tho\u1ea1i ph\u1ed5 bi\u1ebfn, \u0111\u1ed3ng th\u1eddi \u0111\u1ea3m b\u1ea3o t\u00ednh to\u00e0n v\u1eb9n c\u1ee7a d\u1eef li\u1ec7u.<\/p>\n","protected":false},"featured_media":6027,"template":"","meta":{"_acf_changed":false},"product_cat":[87,97,95],"product_tag":[],"class_list":{"0":"post-6809","1":"product","2":"type-product","3":"status-publish","4":"has-post-thumbnail","6":"product_cat-khoa-hoc-hinh-su","7":"product_cat-he-thong-an-ninh","8":"product_cat-thiet-bi-ky-thuat-so-dien-tu","10":"first","11":"instock","12":"shipping-taxable","13":"product-type-simple"},"acf":[],"jetpack_sharing_enabled":true,"_links":{"self":[{"href":"https:\/\/bkscitech.com\/vi\/wp-json\/wp\/v2\/product\/6809"}],"collection":[{"href":"https:\/\/bkscitech.com\/vi\/wp-json\/wp\/v2\/product"}],"about":[{"href":"https:\/\/bkscitech.com\/vi\/wp-json\/wp\/v2\/types\/product"}],"wp:featuredmedia":[{"embeddable":true,"href":"https:\/\/bkscitech.com\/vi\/wp-json\/wp\/v2\/media\/6027"}],"wp:attachment":[{"href":"https:\/\/bkscitech.com\/vi\/wp-json\/wp\/v2\/media?parent=6809"}],"wp:term":[{"taxonomy":"product_cat","embeddable":true,"href":"https:\/\/bkscitech.com\/vi\/wp-json\/wp\/v2\/product_cat?post=6809"},{"taxonomy":"product_tag","embeddable":true,"href":"https:\/\/bkscitech.com\/vi\/wp-json\/wp\/v2\/product_tag?post=6809"}],"curies":[{"name":"wp","href":"https:\/\/api.w.org\/{rel}","templated":true}]}}