{"id":7008,"date":"2025-10-10T10:00:39","date_gmt":"2025-10-10T03:47:53","guid":{"rendered":"https:\/\/bkscitech.com\/?post_type=product&#038;p=7008"},"modified":"2025-10-10T09:14:03","modified_gmt":"2025-10-10T09:14:03","slug":"giai-phap-dung-phan-tich-hien-truong-3d","status":"publish","type":"product","link":"https:\/\/bkscitech.com\/vi\/product\/giai-phap-dung-phan-tich-hien-truong-3d\/","title":{"rendered":"Gi\u1ea3i ph\u00e1p d\u1ef1ng &#038; ph\u00e2n t\u00edch hi\u1ec7n tr\u01b0\u1eddng 3D"},"content":{"rendered":"","protected":false},"excerpt":{"rendered":"<p>H\u1ec7 th\u1ed1ng cho ph\u00e9p d\u1ef1ng l\u1ea1i m\u00f4 h\u00ecnh 3D hi\u1ec7n tr\u01b0\u1eddng t\u1eeb \u1ea3nh ho\u1eb7c video quay b\u1eb1ng b\u1ea5t k\u1ef3 thi\u1ebft b\u1ecb camera, \u0111i\u1ec7n tho\u1ea1i, m\u00e1y quay hay UAV. H\u1ec7 th\u1ed1ng g\u1ed3m m\u1ed9t s\u1ed1 ch\u1ee9c n\u0103ng ch\u00ednh:<\/p>\n<ul>\n<li>Ph\u00e2n t\u00edch qu\u1ef9 \u0111\u1ea1o \u0111\u1ea1n x\u00e1c \u0111\u1ecbnh \u0111i\u1ec3m xu\u1ea5t ph\u00e1t v\u00e0 h\u01b0\u1edbng bay c\u1ee7a \u0111\u1ea1n trong kh\u00f4ng gian 3D<\/li>\n<li>T\u00ednh to\u00e1n n\u0103ng l\u01b0\u1ee3ng bi\u1ebfn d\u1ea1ng, g\u00f3c va ch\u1ea1m, t\u1ed1c \u0111\u1ed9 EBS c\u1ee7a ph\u01b0\u01a1ng ti\u1ec7n tai n\u1ea1n giao th\u00f4ng<\/li>\n<li>Ph\u00e2n t\u00edch v\u1ebft m\u00e1u x\u00e1c \u0111\u1ecbnh \u0111i\u1ec3m xu\u1ea5t ph\u00e1t c\u1ee7a v\u1ebft m\u00e1u b\u1eb1ng c\u00e1ch t\u00ednh to\u00e1n v\u00f9ng h\u1ed9i t\u1ee5<\/li>\n<li>\u0110\u1ed1i s\u00e1nh 3D so kh\u1edbp d\u1ea5u gi\u00e0y d\u00e9p, v\u1ec7t b\u00e1nh xe, l\u1ed1p xe<\/li>\n<li>C\u00f4ng c\u1ee5 \u0111o \u0111\u1ea1c chi\u1ec1u cao, g\u00f3c, di\u1ec7n t\u00edch, th\u1ec3 t\u00edch, kho\u1ea3ng c\u00e1ch.<\/li>\n<li>D\u1ef1ng hi\u1ec7n tr\u01b0\u1eddng r\u1ed9ng v\u1edbi Drone, \u0111\u1ecbnh v\u1ecb v\u1ecb tr\u00ed tr\u00ean b\u1ea3n \u0111\u1ed3, t\u00e1i hi\u1ec7n b\u1ed1i c\u1ea3nh v\u00e0 di\u1ec5n bi\u1ebfn v\u1ee5 \u00e1n<\/li>\n<\/ul>\n<p>M\u00f4 h\u00ecnh \u0111\u01b0\u1ee3c t\u00e1i t\u1ea1o nhanh ch\u00f3ng, tr\u1ef1c quan, cho ph\u00e9p l\u01b0u tr\u1eef, chia s\u1ebb v\u00e0 xem m\u00f4 h\u00ecnh 3D tr\u1ef1c tuy\u1ebfn v\u00e0 ngo\u1ea1i tuy\u1ebfn \u1edf nhi\u1ec1u \u0111\u1ecbnh d\u1ea1ng kh\u00e1c nhau.<\/p>\n","protected":false},"featured_media":7019,"template":"","meta":{"_acf_changed":false},"product_cat":[87,96],"product_tag":[],"class_list":{"0":"post-7008","1":"product","2":"type-product","3":"status-publish","4":"has-post-thumbnail","6":"product_cat-khoa-hoc-hinh-su","7":"product_cat-thiet-bi-kham-nghiem-hien-truong","9":"first","10":"instock","11":"shipping-taxable","12":"product-type-simple"},"acf":[],"jetpack_sharing_enabled":true,"_links":{"self":[{"href":"https:\/\/bkscitech.com\/vi\/wp-json\/wp\/v2\/product\/7008"}],"collection":[{"href":"https:\/\/bkscitech.com\/vi\/wp-json\/wp\/v2\/product"}],"about":[{"href":"https:\/\/bkscitech.com\/vi\/wp-json\/wp\/v2\/types\/product"}],"wp:featuredmedia":[{"embeddable":true,"href":"https:\/\/bkscitech.com\/vi\/wp-json\/wp\/v2\/media\/7019"}],"wp:attachment":[{"href":"https:\/\/bkscitech.com\/vi\/wp-json\/wp\/v2\/media?parent=7008"}],"wp:term":[{"taxonomy":"product_cat","embeddable":true,"href":"https:\/\/bkscitech.com\/vi\/wp-json\/wp\/v2\/product_cat?post=7008"},{"taxonomy":"product_tag","embeddable":true,"href":"https:\/\/bkscitech.com\/vi\/wp-json\/wp\/v2\/product_tag?post=7008"}],"curies":[{"name":"wp","href":"https:\/\/api.w.org\/{rel}","templated":true}]}}